{"id":44404,"date":"2021-07-30T09:15:34","date_gmt":"2021-07-30T07:15:34","guid":{"rendered":"https:\/\/bootsvermietungenge.ch\/?page_id=44404"},"modified":"2025-04-16T13:57:00","modified_gmt":"2025-04-16T11:57:00","slug":"guide","status":"publish","type":"page","link":"https:\/\/bootsvermietungenge.trafficflow.dev\/en\/guide\/","title":{"rendered":"Guide"},"content":{"rendered":"<div class=\"wp-block-greenshift-blocks-row gspb_row gspb_row-id-gsbp-e7c19c3\" id=\"gspb_row-id-gsbp-e7c19c3\"><div class=\"gspb_row__content\"> <div class=\"wp-block-greenshift-blocks-row-column gspb_row__col--12 gspb_col-id-gsbp-a4eab29\" id=\"gspb_col-id-gsbp-a4eab29\"><p><style>\/*! elementor - v3.20.0 - 26-03-2024 *\/<br \/>.elementor-heading-title{padding:0;margin:0;line-height:1}.elementor-widget-heading .elementor-heading-title[class*=elementor-size-]>a{color:inherit;font-size:inherit;line-height:inherit}.elementor-widget-heading .elementor-heading-title.elementor-size-small{font-size:15px}.elementor-widget-heading .elementor-heading-title.elementor-size-medium{font-size:19px}.elementor-widget-heading .elementor-heading-title.elementor-size-large{font-size:29px}.elementor-widget-heading .elementor-heading-title.elementor-size-xl{font-size:39px}.elementor-widget-heading .elementor-heading-title.elementor-size-xxl{font-size:59px}<\/style><\/p>\n\n<h1 class=\"wp-block-heading\" id=\"unser-guide-dein-kompass\">Our guide &#8211; your compass<\/h1>\n\n<p><b>Hallo Bootsfreunde und herzlich willkommen zu unserem Guide<\/b>!<br\/><br\/>Hier dreht sich nat\u00fcrlich alles um das Wasservergn\u00fcgen, das der Z\u00fcrichsee bietet aber dar\u00fcber hinaus auch um die Erkundung unserer wundersch\u00f6nen schweizer Gegend. Ob praktische Tipps f\u00fcr den Bootsf\u00fchrerschein, Wissenswertes \u00fcber die verschiedenen Bootstypen oder Inspirationen f\u00fcr spannende Aktivit\u00e4ten in und um Z\u00fcrich &#8211; unser Guide hat f\u00fcr jeden etwas zu bieten. Sieh ihn als Kompass, der dich durch die vielf\u00e4ltigen M\u00f6glichkeiten der Region navigiert.<style>\/*! elementor - v3.20.0 - 26-03-2024 *\/&amp;amp;amp;lt;br \/>&amp;amp;lt;br>.elementor-column .elementor-spacer-inner{height:var(--spacer-size)}.e-con{--container-widget-width:100%}.e-con-inner>.elementor-widget-spacer,.e-con>.elementor-widget-spacer{width:var(--container-widget-width,var(--spacer-size));--align-self:var(--container-widget-align-self,initial);--flex-shrink:0}.e-con-inner>.elementor-widget-spacer>.elementor-widget-container,.e-con>.elementor-widget-spacer>.elementor-widget-container{height:100%;width:100%}.e-con-inner>.elementor-widget-spacer>.elementor-widget-container>.elementor-spacer,.e-con>.elementor-widget-spacer>.elementor-widget-container>.elementor-spacer{height:100%}.e-con-inner>.elementor-widget-spacer>.elementor-widget-container>.elementor-spacer>.elementor-spacer-inner,.e-con>.elementor-widget-spacer>.elementor-widget-container>.elementor-spacer>.elementor-spacer-inner{height:var(--container-widget-height,var(--spacer-size))}.e-con-inner>.elementor-widget-spacer.elementor-widget-empty,.e-con>.elementor-widget-spacer.elementor-widget-empty{position:relative;min-height:22px;min-width:22px}.e-con-inner>.elementor-widget-spacer.elementor-widget-empty .elementor-widget-empty-icon,.e-con>.elementor-widget-spacer.elementor-widget-empty .elementor-widget-empty-icon{position:absolute;top:0;bottom:0;left:0;right:0;margin:auto;padding:0;width:22px;height:22px}<\/style><\/p><\/div> <\/div><\/div><div id=\"gspb_filterid_gsbp-711f7ed\" class=\"gspbgrid_id-gsbp-711f7ed gspbgrid_list_builder wp-block-query alignwide gspb_filterid_gsbp-711f7ed  wp-block-greenshift-blocks-querygrid\" data-filterargs='' data-template=\"querybuilder\" id=\"gspb_filterid_gsbp-711f7ed\" data-innerargs='' data-perpage='200'  data-paginationtype=\"\">\n\t\t\t\t\t\t\t\t\t\t\n\t\t\t\t\t<ul class=\"wp-block-post-template\" data-currentpage=\"1\" data-maxpage=\"0\" data-paginationid=\"currentpage-gspb_filterid_gsbp-711f7ed\">\n\t\t\t\t\t\t\t\t\t\t\t\t\t\n<li class=\"gspbgrid_item swiper-slide post-58983\">\n                <div class=\"gspb_id-gsbp-7a119d4 gspb-dynamic-post-image  wp-block-greenshift-blocks-dynamic-post-image\"><a href=\"https:\/\/bootsvermietungenge.trafficflow.dev\/en\/sauna-boats-wellness-zurich\/\" title=\"Sauna boats &#8211; Wellness Zurich\"><img decoding=\"async\" width=\"300\" height=\"200\" src=\"https:\/\/bootsvermietungenge.trafficflow.dev\/wp-content\/uploads\/2024\/06\/fabio-romano-x7A3M5KWmlw-unsplash-300x200.jpg\" class=\" wp-post-image\" alt=\"\" loading=\"lazy\" srcset=\"https:\/\/bootsvermietungenge.trafficflow.dev\/wp-content\/uploads\/2024\/06\/fabio-romano-x7A3M5KWmlw-unsplash-300x200.jpg 300w, https:\/\/bootsvermietungenge.trafficflow.dev\/wp-content\/uploads\/2024\/06\/fabio-romano-x7A3M5KWmlw-unsplash-scaled-600x400.jpg 600w, https:\/\/bootsvermietungenge.trafficflow.dev\/wp-content\/uploads\/2024\/06\/fabio-romano-x7A3M5KWmlw-unsplash-scaled-1800x1200.jpg 1800w, https:\/\/bootsvermietungenge.trafficflow.dev\/wp-content\/uploads\/2024\/06\/fabio-romano-x7A3M5KWmlw-unsplash-1024x683.jpg 1024w, https:\/\/bootsvermietungenge.trafficflow.dev\/wp-content\/uploads\/2024\/06\/fabio-romano-x7A3M5KWmlw-unsplash-768x512.jpg 768w, https:\/\/bootsvermietungenge.trafficflow.dev\/wp-content\/uploads\/2024\/06\/fabio-romano-x7A3M5KWmlw-unsplash-1536x1024.jpg 1536w, https:\/\/bootsvermietungenge.trafficflow.dev\/wp-content\/uploads\/2024\/06\/fabio-romano-x7A3M5KWmlw-unsplash-2048x1365.jpg 2048w, https:\/\/bootsvermietungenge.trafficflow.dev\/wp-content\/uploads\/2024\/06\/fabio-romano-x7A3M5KWmlw-unsplash-100x67.jpg 100w\" sizes=\"auto, (max-width: 300px) 100vw, 300px\" \/><\/a><\/div>\n\n<div class=\"gsbp-7d23344\"><div class=\"gspb_id-gsbp-d8b826a gspb-dynamic-post-title wp-block-greenshift-blocks-dynamic-post-title\"><h2 class=\"gspb-dynamic-title-element\"><a href=\"https:\/\/bootsvermietungenge.trafficflow.dev\/en\/sauna-boats-wellness-zurich\/\">Sauna boats &#8211; Wellness Zurich<\/a><\/h2><\/div><\/div>    <\/li>                            \t\t\t\t\t\t\t\t\t\t\t\t\t\n<li class=\"gspbgrid_item swiper-slide post-58989\">\n                <div class=\"gspb_id-gsbp-7a119d4 gspb-dynamic-post-image  wp-block-greenshift-blocks-dynamic-post-image\"><a href=\"https:\/\/bootsvermietungenge.trafficflow.dev\/en\/zurich-sights\/\" title=\"Zurich sights\"><svg width=\"500\" height=\"500\" class=\"gspb_svg_placeholder\" viewBox=\"0 0 500 500\" fill=\"none\" xmlns=\"http:\/\/www.w3.org\/2000\/svg\">\n    <rect width=\"500\" height=\"500\" fill=\"transparent\"\/>\n    <g clip-path=\"url(#clip0_1521_865)\">\n    <path d=\"M196 262.573L226.452 231.96L285.38 291\" stroke=\"black\"\/>\n    <path d=\"M271.8 230.867C271.8 236.63 267.142 241.3 261.4 241.3C255.658 241.3 251 236.63 251 230.867C251 225.103 255.658 220.433 261.4 220.433C267.142 220.433 271.8 225.103 271.8 230.867Z\" stroke=\"black\"\/>\n    <path d=\"M259.22 264.76L282.11 241.8L305 265.853\" stroke=\"black\"\/>\n    <\/g>\n    <rect x=\"196.5\" y=\"209.5\" width=\"108\" height=\"81\" stroke=\"black\"\/>\n    <defs>\n    <clipPath id=\"clip0_1521_865\">\n    <rect x=\"196\" y=\"209\" width=\"109\" height=\"82\" fill=\"white\"\/>\n    <\/clipPath>\n    <\/defs>\n    <\/svg><\/a><\/div>\n\n<div class=\"gsbp-7d23344\"><div class=\"gspb_id-gsbp-d8b826a gspb-dynamic-post-title wp-block-greenshift-blocks-dynamic-post-title\"><h2 class=\"gspb-dynamic-title-element\"><a href=\"https:\/\/bootsvermietungenge.trafficflow.dev\/en\/zurich-sights\/\">Zurich sights<\/a><\/h2><\/div><\/div>    <\/li>                            \t\t\t\t\t\t\t\t\t\t\t\t\t\n<li class=\"gspbgrid_item swiper-slide post-58991\">\n                <div class=\"gspb_id-gsbp-7a119d4 gspb-dynamic-post-image  wp-block-greenshift-blocks-dynamic-post-image\"><a href=\"https:\/\/bootsvermietungenge.trafficflow.dev\/en\/a-day-trip-in-switzerland\/\" title=\"A day trip in Switzerland\"><img decoding=\"async\" width=\"300\" height=\"200\" src=\"https:\/\/bootsvermietungenge.trafficflow.dev\/wp-content\/uploads\/2024\/05\/tran-mau-tri-tam-hmBJtWxFOdg-unsplash-300x200.jpg\" class=\" wp-post-image\" alt=\"\" loading=\"lazy\" srcset=\"https:\/\/bootsvermietungenge.trafficflow.dev\/wp-content\/uploads\/2024\/05\/tran-mau-tri-tam-hmBJtWxFOdg-unsplash-300x200.jpg 300w, https:\/\/bootsvermietungenge.trafficflow.dev\/wp-content\/uploads\/2024\/05\/tran-mau-tri-tam-hmBJtWxFOdg-unsplash-1024x683.jpg 1024w, https:\/\/bootsvermietungenge.trafficflow.dev\/wp-content\/uploads\/2024\/05\/tran-mau-tri-tam-hmBJtWxFOdg-unsplash-768x512.jpg 768w, https:\/\/bootsvermietungenge.trafficflow.dev\/wp-content\/uploads\/2024\/05\/tran-mau-tri-tam-hmBJtWxFOdg-unsplash-1536x1024.jpg 1536w, https:\/\/bootsvermietungenge.trafficflow.dev\/wp-content\/uploads\/2024\/05\/tran-mau-tri-tam-hmBJtWxFOdg-unsplash-2048x1365.jpg 2048w, https:\/\/bootsvermietungenge.trafficflow.dev\/wp-content\/uploads\/2024\/05\/tran-mau-tri-tam-hmBJtWxFOdg-unsplash-600x400.jpg 600w, https:\/\/bootsvermietungenge.trafficflow.dev\/wp-content\/uploads\/2024\/05\/tran-mau-tri-tam-hmBJtWxFOdg-unsplash-800x533.jpg 800w, https:\/\/bootsvermietungenge.trafficflow.dev\/wp-content\/uploads\/2024\/05\/tran-mau-tri-tam-hmBJtWxFOdg-unsplash-100x67.jpg 100w\" sizes=\"auto, (max-width: 300px) 100vw, 300px\" \/><\/a><\/div>\n\n<div class=\"gsbp-7d23344\"><div class=\"gspb_id-gsbp-d8b826a gspb-dynamic-post-title wp-block-greenshift-blocks-dynamic-post-title\"><h2 class=\"gspb-dynamic-title-element\"><a href=\"https:\/\/bootsvermietungenge.trafficflow.dev\/en\/a-day-trip-in-switzerland\/\">A day trip in Switzerland<\/a><\/h2><\/div><\/div>    <\/li>                            \t\t\t\t\t\t\t\t\t\t\t\t\t\n<li class=\"gspbgrid_item swiper-slide post-59005\">\n                <div class=\"gspb_id-gsbp-7a119d4 gspb-dynamic-post-image  wp-block-greenshift-blocks-dynamic-post-image\"><a href=\"https:\/\/bootsvermietungenge.trafficflow.dev\/en\/excursion-destinations-in-switzerland-discover-adventure\/\" title=\"Excursion destinations in Switzerland: Discover adventure\"><img decoding=\"async\" width=\"300\" height=\"225\" src=\"https:\/\/bootsvermietungenge.trafficflow.dev\/wp-content\/uploads\/2024\/04\/Untitled-6-300x225.jpeg\" class=\" wp-post-image\" alt=\"\" loading=\"lazy\" srcset=\"https:\/\/bootsvermietungenge.trafficflow.dev\/wp-content\/uploads\/2024\/04\/Untitled-6-300x225.jpeg 300w, https:\/\/bootsvermietungenge.trafficflow.dev\/wp-content\/uploads\/2024\/04\/Untitled-6-1024x768.jpeg 1024w, https:\/\/bootsvermietungenge.trafficflow.dev\/wp-content\/uploads\/2024\/04\/Untitled-6-768x576.jpeg 768w, https:\/\/bootsvermietungenge.trafficflow.dev\/wp-content\/uploads\/2024\/04\/Untitled-6-1536x1152.jpeg 1536w, https:\/\/bootsvermietungenge.trafficflow.dev\/wp-content\/uploads\/2024\/04\/Untitled-6-2048x1536.jpeg 2048w, https:\/\/bootsvermietungenge.trafficflow.dev\/wp-content\/uploads\/2024\/04\/Untitled-6-600x450.jpeg 600w, https:\/\/bootsvermietungenge.trafficflow.dev\/wp-content\/uploads\/2024\/04\/Untitled-6-800x600.jpeg 800w, https:\/\/bootsvermietungenge.trafficflow.dev\/wp-content\/uploads\/2024\/04\/Untitled-6-100x75.jpeg 100w\" sizes=\"auto, (max-width: 300px) 100vw, 300px\" \/><\/a><\/div>\n\n<div class=\"gsbp-7d23344\"><div class=\"gspb_id-gsbp-d8b826a gspb-dynamic-post-title wp-block-greenshift-blocks-dynamic-post-title\"><h2 class=\"gspb-dynamic-title-element\"><a href=\"https:\/\/bootsvermietungenge.trafficflow.dev\/en\/excursion-destinations-in-switzerland-discover-adventure\/\">Excursion destinations in Switzerland: Discover adventure<\/a><\/h2><\/div><\/div>    <\/li>                            \t\t\t\t\t\t\t\t\t\t\t\t\t\n<li class=\"gspbgrid_item swiper-slide post-44701\">\n                <div class=\"gspb_id-gsbp-7a119d4 gspb-dynamic-post-image  wp-block-greenshift-blocks-dynamic-post-image\"><a href=\"https:\/\/bootsvermietungenge.trafficflow.dev\/en\/lake-zurich-water-temperature-plan-your-activities-correctly\/\" title=\"Lake Zurich water temperature: plan your activities correctly\"><img decoding=\"async\" width=\"300\" height=\"195\" src=\"https:\/\/bootsvermietungenge.trafficflow.dev\/wp-content\/uploads\/2024\/04\/Untitled-300x195.jpeg\" class=\" wp-post-image\" alt=\"Blauer See mit einem Segelboot und Bergen im Hintergrund\" loading=\"lazy\" srcset=\"https:\/\/bootsvermietungenge.trafficflow.dev\/wp-content\/uploads\/2024\/04\/Untitled-300x195.jpeg 300w, https:\/\/bootsvermietungenge.trafficflow.dev\/wp-content\/uploads\/2024\/04\/Untitled-scaled-600x390.jpeg 600w, https:\/\/bootsvermietungenge.trafficflow.dev\/wp-content\/uploads\/2024\/04\/Untitled-scaled-1800x1170.jpeg 1800w, https:\/\/bootsvermietungenge.trafficflow.dev\/wp-content\/uploads\/2024\/04\/Untitled-1024x666.jpeg 1024w, https:\/\/bootsvermietungenge.trafficflow.dev\/wp-content\/uploads\/2024\/04\/Untitled-768x499.jpeg 768w, https:\/\/bootsvermietungenge.trafficflow.dev\/wp-content\/uploads\/2024\/04\/Untitled-1536x999.jpeg 1536w, https:\/\/bootsvermietungenge.trafficflow.dev\/wp-content\/uploads\/2024\/04\/Untitled-2048x1331.jpeg 2048w, https:\/\/bootsvermietungenge.trafficflow.dev\/wp-content\/uploads\/2024\/04\/Untitled-100x65.jpeg 100w\" sizes=\"auto, (max-width: 300px) 100vw, 300px\" \/><\/a><\/div>\n\n<div class=\"gsbp-7d23344\"><div class=\"gspb_id-gsbp-d8b826a gspb-dynamic-post-title wp-block-greenshift-blocks-dynamic-post-title\"><h2 class=\"gspb-dynamic-title-element\"><a href=\"https:\/\/bootsvermietungenge.trafficflow.dev\/en\/lake-zurich-water-temperature-plan-your-activities-correctly\/\">Lake Zurich water temperature: plan your activities correctly<\/a><\/h2><\/div><\/div>    <\/li>                            \t\t\t\t\t\t\t\t\t\t\t\t\t\n<li class=\"gspbgrid_item swiper-slide post-44392\">\n                <div class=\"gspb_id-gsbp-7a119d4 gspb-dynamic-post-image  wp-block-greenshift-blocks-dynamic-post-image\"><a href=\"https:\/\/bootsvermietungenge.trafficflow.dev\/en\/zurich-weather-tips-for-all-days\/\" title=\"Zurich weather: tips for all days\"><img decoding=\"async\" width=\"300\" height=\"200\" src=\"https:\/\/bootsvermietungenge.trafficflow.dev\/wp-content\/uploads\/2024\/04\/Wetter-Zuerich-die-Stadt-bei-Tag-300x200.jpeg\" class=\" wp-post-image\" alt=\"Sch\u00f6nes Wetter in der Stadt von Z\u00fcrich\" loading=\"lazy\" srcset=\"https:\/\/bootsvermietungenge.trafficflow.dev\/wp-content\/uploads\/2024\/04\/Wetter-Zuerich-die-Stadt-bei-Tag-300x200.jpeg 300w, https:\/\/bootsvermietungenge.trafficflow.dev\/wp-content\/uploads\/2024\/04\/Wetter-Zuerich-die-Stadt-bei-Tag-scaled-600x400.jpeg 600w, https:\/\/bootsvermietungenge.trafficflow.dev\/wp-content\/uploads\/2024\/04\/Wetter-Zuerich-die-Stadt-bei-Tag-scaled-1800x1200.jpeg 1800w, https:\/\/bootsvermietungenge.trafficflow.dev\/wp-content\/uploads\/2024\/04\/Wetter-Zuerich-die-Stadt-bei-Tag-1024x682.jpeg 1024w, https:\/\/bootsvermietungenge.trafficflow.dev\/wp-content\/uploads\/2024\/04\/Wetter-Zuerich-die-Stadt-bei-Tag-768x512.jpeg 768w, https:\/\/bootsvermietungenge.trafficflow.dev\/wp-content\/uploads\/2024\/04\/Wetter-Zuerich-die-Stadt-bei-Tag-1536x1023.jpeg 1536w, https:\/\/bootsvermietungenge.trafficflow.dev\/wp-content\/uploads\/2024\/04\/Wetter-Zuerich-die-Stadt-bei-Tag-2048x1364.jpeg 2048w, https:\/\/bootsvermietungenge.trafficflow.dev\/wp-content\/uploads\/2024\/04\/Wetter-Zuerich-die-Stadt-bei-Tag-100x67.jpeg 100w\" sizes=\"auto, (max-width: 300px) 100vw, 300px\" \/><\/a><\/div>\n\n<div class=\"gsbp-7d23344\"><div class=\"gspb_id-gsbp-d8b826a gspb-dynamic-post-title wp-block-greenshift-blocks-dynamic-post-title\"><h2 class=\"gspb-dynamic-title-element\"><a href=\"https:\/\/bootsvermietungenge.trafficflow.dev\/en\/zurich-weather-tips-for-all-days\/\">Zurich weather: tips for all days<\/a><\/h2><\/div><\/div>    <\/li>                            \t\t\t\t\t\t\t\t\t\t\t<\/ul>\n\t\t\t\t\t\n\t\t\t\t\t\n\t\t\t\t<\/div>\n\t\t\t\t<div class=\"clearfix\"><\/div>","protected":false},"excerpt":{"rendered":"","protected":false},"author":1,"featured_media":0,"parent":0,"menu_order":7,"comment_status":"closed","ping_status":"closed","template":"","meta":{"_acf_changed":false,"_gspb_post_css":"#gspb_row-id-gsbp-e7c19c3,#gspb_row-id-gsbp-e7c19c3>.gspb_row__content{justify-content:space-between;display:flex;flex-wrap:wrap;margin:0 auto 50px}#gspb_row-id-gsbp-e7c19c3>.gspb_row__content{margin:0 auto;width:100%}.gspb_row{position:relative}div[id^=gspb_col-id]{box-sizing:border-box;position:relative;padding:var(--gs-row-column-padding, 15px min(3vw, 20px))}body.gspb-bodyfront #gspb_row-id-gsbp-e7c19c3>.gspb_row__content{width:var(--theme-container-width, 1200px);max-width:var(--theme-normal-container-max-width, 1200px)}@media (max-width:991.98px){#gspb_row-id-gsbp-e7c19c3{margin-bottom:20px}}#gspb_row-id-gsbp-e7c19c3{max-width:900px}#gspb_col-id-gsbp-a4eab29.gspb_row__col--12{width:100%}@media (max-width:575.98px){#gspb_col-id-gsbp-a4eab29.gspb_row__col--12{width:100%}}.gspbgrid_id-gsbp-711f7ed .wp-block-post-template{list-style:none;margin:0;padding:0}.gspbgrid_id-gsbp-711f7ed .wp-block-post-template:before{display:none!important}.gspbgrid_id-gsbp-711f7ed .wp-block-post-template>*{width:100%!important}.gspbgrid_id-gsbp-711f7ed .wp-block-post-template>.gspbgrid_item{overflow:hidden;border-top-left-radius:6px;border-top-right-radius:6px;border-bottom-right-radius:6px;border-bottom-left-radius:6px;border-style:solid;border-width:1px;border-color:#7d7d7d2b}.gspbgrid_id-gsbp-711f7ed .wp-block-post-template{display:grid;grid-template-columns:repeat(3,1fr)}@media (max-width:991.98px){.gspbgrid_id-gsbp-711f7ed .wp-block-post-template{grid-template-columns:repeat(3,1fr)}}@media (max-width:767.98px){.gspbgrid_id-gsbp-711f7ed .wp-block-post-template{grid-template-columns:repeat(2,1fr)}}@media (max-width:575.98px){.gspbgrid_id-gsbp-711f7ed .wp-block-post-template{grid-template-columns:repeat(1,1fr)}}.gspbgrid_id-gsbp-711f7ed .wp-block-post-template{gap:20px}@media (max-width:991.98px){.gspbgrid_id-gsbp-711f7ed .wp-block-post-template{gap:20px}}@media (max-width:767.98px){.gspbgrid_id-gsbp-711f7ed .wp-block-post-template{gap:20px}}@media (max-width:575.98px){.gspbgrid_id-gsbp-711f7ed .wp-block-post-template{gap:20px}}.gspbgrid_id-gsbp-711f7ed .gspbgrid_item{position:relative}.gspb_id-gsbp-7a119d4 img{object-fit:cover;vertical-align:top}@media (max-width:991.98px){.gspb_id-gsbp-7a119d4 img{vertical-align:top}}@media (max-width:767.98px){.gspb_id-gsbp-7a119d4 img{vertical-align:top}}@media (max-width:575.98px){.gspb_id-gsbp-7a119d4 img{vertical-align:top}}.gspb_id-gsbp-7a119d4 img,.gspb_id-gsbp-7a119d4 svg.gspb_svg_placeholder{width:100%;min-width:100%;max-width:100%;height:280px;aspect-ratio:3\/2}@media (max-width:991.98px){.gspb_id-gsbp-7a119d4 img,.gspb_id-gsbp-7a119d4 svg.gspb_svg_placeholder{aspect-ratio:3\/2}}@media (max-width:767.98px){.gspb_id-gsbp-7a119d4 img,.gspb_id-gsbp-7a119d4 svg.gspb_svg_placeholder{aspect-ratio:3\/2}}@media (max-width:575.98px){.gspb_id-gsbp-7a119d4 img,.gspb_id-gsbp-7a119d4 svg.gspb_svg_placeholder{aspect-ratio:3\/2}}.gsbp-7d23344{padding:15px}.gspb_id-gsbp-d8b826a h2.gspb-dynamic-title-element{margin-top:10px;margin-bottom:15px}body .gspb_id-gsbp-d8b826a h2.gspb-dynamic-title-element{font-size:1.2rem;line-height:1.5rem;text-decoration:none}body .gspb_id-gsbp-d8b826a h2.gspb-dynamic-title-element a{text-decoration:none}.gspb_id-gsbp-d8b826a{display:flex;align-items:center}","inline_featured_image":false,"footnotes":""},"class_list":["post-44404","page","type-page","status-publish","hentry"],"blocksy_meta":{"page_structure_type":"default","styles_descriptor":{"styles":{"desktop":"","tablet":"","mobile":""},"google_fonts":[],"version":6},"has_hero_section":"disabled"},"acf":[],"_links":{"self":[{"href":"https:\/\/bootsvermietungenge.trafficflow.dev\/en\/wp-json\/wp\/v2\/pages\/44404","targetHints":{"allow":["GET"]}}],"collection":[{"href":"https:\/\/bootsvermietungenge.trafficflow.dev\/en\/wp-json\/wp\/v2\/pages"}],"about":[{"href":"https:\/\/bootsvermietungenge.trafficflow.dev\/en\/wp-json\/wp\/v2\/types\/page"}],"author":[{"embeddable":true,"href":"https:\/\/bootsvermietungenge.trafficflow.dev\/en\/wp-json\/wp\/v2\/users\/1"}],"replies":[{"embeddable":true,"href":"https:\/\/bootsvermietungenge.trafficflow.dev\/en\/wp-json\/wp\/v2\/comments?post=44404"}],"version-history":[{"count":5,"href":"https:\/\/bootsvermietungenge.trafficflow.dev\/en\/wp-json\/wp\/v2\/pages\/44404\/revisions"}],"predecessor-version":[{"id":58958,"href":"https:\/\/bootsvermietungenge.trafficflow.dev\/en\/wp-json\/wp\/v2\/pages\/44404\/revisions\/58958"}],"wp:attachment":[{"href":"https:\/\/bootsvermietungenge.trafficflow.dev\/en\/wp-json\/wp\/v2\/media?parent=44404"}],"curies":[{"name":"wp","href":"https:\/\/api.w.org\/{rel}","templated":true}]}}